{"id":108,"date":"2017-09-14T18:34:02","date_gmt":"2017-09-14T18:34:02","guid":{"rendered":"http:\/\/estatex.wpbranch.com\/?page_id=108"},"modified":"2018-02-28T08:29:46","modified_gmt":"2018-02-28T08:29:46","slug":"agents","status":"publish","type":"page","link":"https:\/\/www.grenc-immobilien.de\/?page_id=108","title":{"rendered":"Michael Grenc"},"content":{"rendered":"<p><section class=\"kc-elm kc-css-229502 kc_row xt_kc_row_has_container xt_kc_row_has_padding\"><div class=\"xt-kc-row-container  container\"><div class=\"kc-wrap-columns clearfix\"><div class=\"kc-elm kc-css-193750 kc_col-sm-12 kc_column kc_col-sm-12\"><div class=\"kc-col-container\">\n<div class=\"kc-elm kc-css-391208 kc-team kc-team-2\">\n\n\t<figure class=\"content-image\"><img src=\"https:\/\/www.grenc-immobilien.de\/wp-content\/uploads\/2018\/02\/gm_white_1024-300x300.jpg\" alt=\"\"><\/figure><div class=\"box-right\"><div class=\"content-title\">Michael Grenc<\/div><div class=\"content-subtitle\">Gesch\u00e4ftsf\u00fchrer<\/div><div class=\"content-desc\">Michael Grenc entwickelte im Jahr 2008 das Konzept des Immobilienverkaufs in Berlin und Brandenburg mittels Bieterverfahren und gr\u00fcndete ein Start-Up Unternehmen.\r\n\r\n\r\nDie Stadt Hamburg war 2013 unser n\u00e4chstes Ziel, in der wir unseren Kundenstamm aufgebaut haben. Ich bin Ihr Ansprechpartner f\u00fcr Vermietung, Verkauf und die Verwaltung. Ich freue mich Sie pers\u00f6nlich kennenzulernen<\/div><div class=\"content-socials\"><a href=\"#\" target=\"_blank\"><i class=\"fab-facebook-f\"><\/i><\/a><a href=\"#\" target=\"_blank\"><i class=\"fab-twitter\"><\/i><\/a><a href=\"#\" target=\"_blank\"><i class=\"fab-google-plus-g\"><\/i><\/a><\/div><\/div>\n<\/div>\n<\/div><\/div><\/div><\/div><\/section><section class=\"kc-elm kc-css-143329 kc_row xt_kc_row_has_container xt_kc_row_has_padding\"><div class=\"xt-kc-row-container  container\"><div class=\"kc-wrap-columns clearfix\"><div class=\"kc-elm kc-css-878421 kc_col-sm-4 kc_column kc_col-sm-4\"><div class=\"kc-col-container\"><div class=\"kc-elm kc-css-737459\" style=\"height: 123px; clear: both; width:100%;\"><\/div><div class=\"kc-elm kc-css-760602 kc_shortcode kc_single_image xt-theme-primary-image\">\n\n        <img src=\"https:\/\/www.grenc-immobilien.de\/wp-content\/uploads\/2017\/09\/pexels-photo-271667-1-300x199.jpeg\" class=\"\" alt=\"\" \/>    <\/div>\n<\/div><\/div><div class=\"kc-elm kc-css-686607 kc_col-sm-4 kc_column kc_col-sm-4\"><div class=\"kc-col-container\"><div class=\"kc-elm kc-css-853704\" style=\"height: 123px; clear: both; width:100%;\"><\/div><div class=\"kc-elm kc-css-735650 kc_shortcode kc_single_image xt-theme-primary-image\">\n\n        <img src=\"https:\/\/www.grenc-immobilien.de\/wp-content\/uploads\/2017\/09\/pexels-photo-268362-300x225.jpeg\" class=\"\" alt=\"\" \/>    <\/div>\n<\/div><\/div><div class=\"kc-elm kc-css-885174 kc_col-sm-4 kc_column kc_col-sm-4\"><div class=\"kc-col-container\"><div class=\"kc-elm kc-css-338872\" style=\"height: 123px; clear: both; width:100%;\"><\/div><div class=\"kc-elm kc-css-175918 kc_shortcode kc_single_image xt-theme-primary-image\">\n\n        <img src=\"https:\/\/www.grenc-immobilien.de\/wp-content\/uploads\/2017\/09\/pexels-photo-239886-300x200.jpeg\" class=\"\" alt=\"\" \/>    <\/div>\n<\/div><\/div><\/div><\/div><\/section><section class=\"kc-elm kc-css-475249 kc_row xt_kc_row_has_container xt_kc_row_has_padding\"><div class=\"xt-kc-row-container  container\"><div class=\"kc-wrap-columns clearfix\"><div class=\"kc-elm kc-css-944626 kc_col-sm-12 kc_column kc_col-sm-12\"><div class=\"kc-col-container\"><\/div><\/div><\/div><\/div><\/section><\/p>\n","protected":false},"excerpt":{"rendered":"","protected":false},"author":1,"featured_media":0,"parent":0,"menu_order":0,"comment_status":"closed","ping_status":"closed","template":"","meta":[],"_links":{"self":[{"href":"https:\/\/www.grenc-immobilien.de\/index.php?rest_route=\/wp\/v2\/pages\/108"}],"collection":[{"href":"https:\/\/www.grenc-immobilien.de\/index.php?rest_route=\/wp\/v2\/pages"}],"about":[{"href":"https:\/\/www.grenc-immobilien.de\/index.php?rest_route=\/wp\/v2\/types\/page"}],"author":[{"embeddable":true,"href":"https:\/\/www.grenc-immobilien.de\/index.php?rest_route=\/wp\/v2\/users\/1"}],"replies":[{"embeddable":true,"href":"https:\/\/www.grenc-immobilien.de\/index.php?rest_route=%2Fwp%2Fv2%2Fcomments&post=108"}],"version-history":[{"count":22,"href":"https:\/\/www.grenc-immobilien.de\/index.php?rest_route=\/wp\/v2\/pages\/108\/revisions"}],"predecessor-version":[{"id":989,"href":"https:\/\/www.grenc-immobilien.de\/index.php?rest_route=\/wp\/v2\/pages\/108\/revisions\/989"}],"wp:attachment":[{"href":"https:\/\/www.grenc-immobilien.de\/index.php?rest_route=%2Fwp%2Fv2%2Fmedia&parent=108"}],"curies":[{"name":"wp","href":"https:\/\/api.w.org\/{rel}","templated":true}]}}