{"id":464,"date":"2017-10-09T08:43:23","date_gmt":"2017-10-09T08:43:23","guid":{"rendered":"http:\/\/estatex.wpbranch.com\/?page_id=464"},"modified":"2018-02-24T21:00:38","modified_gmt":"2018-02-24T21:00:38","slug":"service","status":"publish","type":"page","link":"https:\/\/www.grenc-immobilien.de\/?page_id=464","title":{"rendered":"Verkaufen"},"content":{"rendered":"<p><section class=\"kc-elm kc-css-248607 kc_row xt_kc_row_has_container xt_kc_row_has_padding\"><div class=\"xt-kc-row-container  container\"><div class=\"kc-wrap-columns clearfix\"><div class=\"kc-elm kc-css-257379 kc_col-sm-12 kc_column kc_col-sm-12\"><div class=\"kc-col-container\"><div class=\"kc-elm kc-css-782402 kc_row kc_row_inner\"><div class=\"kc-elm kc-css-825846 kc_col-sm-4 kc_column_inner kc_col-sm-4\"><div class=\"kc_wrapper kc-col-inner-container\"><div class=\"kc-elm kc-css-240803 kc_text_block\"><\/p>\n<p class=\"bodytext\" style=\"text-align: center;\"><strong>Wir verkaufen Ihre Immobilie erfolgreich!<\/strong><\/p>\n<p class=\"bodytext\">Wer alle n\u00f6tigen Aufgaben rund um den Verkauf einer Immobilie selbst erledigen will, muss sehr viel Zeit und Geld investieren. Unsere Kernkompetenz liegt darin, uns darum zu k\u00fcmmern, Sie zu entlasten und so den maximalen Erl\u00f6s f\u00fcr Sie zu erzielen. Wir schalten Anzeigen, suchen Interessenten, koordinieren Besichtigungstermine, beschaffen die n\u00f6tigen Unterlagen und f\u00fchren Verhandlungen etc., um nur ein paar wenige Punkte zu nennen.<\/p>\n<p class=\"bodytext\">Fragen Sie uns \u2013 Wir freuen uns darauf, Sie beraten zu d\u00fcrfen!<\/p>\n<p>\n<\/div><\/div><\/div><div class=\"kc-elm kc-css-382301 kc_col-sm-4 kc_column_inner kc_col-sm-4\"><div class=\"kc_wrapper kc-col-inner-container\"><div class=\"kc-elm kc-css-230982\" style=\"height: 30px; clear: both; width:100%;\"><\/div>\t \r\n    \t<div class=\"features-box\">\r\n    \t\t<div class=\"features-icon\"><i class=\"sl-paper-plane\"><\/i><\/div>    \t\t<div class=\"features-content\"><h4>Kostenloser Service<\/h4><p>Begutachtung \/ Immobilienwertermittlung \/ Energieverbrauchsausweis \/ Expos\u00e9 \/ Anzeigen <\/p><\/div>        <\/div>\r\n          \r\n    <div class=\"kc-elm kc-css-352509\" style=\"height: 55px; clear: both; width:100%;\"><\/div>\t \r\n    \t<div class=\"features-box\">\r\n    \t\t<div class=\"features-icon\"><i class=\"sl-magic-wand\"><\/i><\/div>    \t\t<div class=\"features-content\"><h4>Home Staging<\/h4><p>Vorbereitung Ihrer Immobilie f\u00fcr den Verkauf <\/p><\/div>        <\/div>\r\n          \r\n    <\/div><\/div><div class=\"kc-elm kc-css-105854 kc_col-sm-4 kc_column_inner kc_col-sm-4\"><div class=\"kc_wrapper kc-col-inner-container\"><div class=\"kc-elm kc-css-990535\" style=\"height: 30px; clear: both; width:100%;\"><\/div>\t \r\n    \t<div class=\"features-box\">\r\n    \t\t<div class=\"features-icon\"><i class=\"sl-map\"><\/i><\/div>    \t\t<div class=\"features-content\"><h4>Kaufvertrag<\/h4><p>Vorbereitung des Kaufvertrages auf idividuelle W\u00fcnsche des Kunden<\/p><\/div>        <\/div>\r\n          \r\n    <div class=\"kc-elm kc-css-18446\" style=\"height: 55px; clear: both; width:100%;\"><\/div>\t \r\n    \t<div class=\"features-box\">\r\n    \t\t<div class=\"features-icon\"><i class=\"sl-camrecorder\"><\/i><\/div>    \t\t<div class=\"features-content\"><h4>Non Stop Security<\/h4><p>Ihre Privatsph\u00e4re ist uns wichtig \/ Keine Ver\u00f6ffentlichung Ihrer Anschrift<\/p><\/div>        <\/div>\r\n          \r\n    <\/div><\/div><\/div><\/div><\/div><\/div><\/div><\/section><section class=\"kc-elm kc-css-950513 kc_row xt_kc_row_has_container xt_kc_row_has_padding\"><div class=\"xt-kc-row-container  container\"><div class=\"kc-wrap-columns clearfix\"><div class=\"kc-elm kc-css-111356 kc_col-sm-12 kc_column kc_col-sm-12\"><div class=\"kc-col-container\">\t \r\n        \t\t    \t<div class=\"col-lg-3 col-md-4 col-sm-6 col-xs-12\">\r\n\t\t\t\t<div class=\"counting\">\r\n\t\t          \t<div class=\"desc\">\r\n\t\t                <div class=\"icon\"><i class=\"sl-home\"><\/i><h3 class=\"counter\">566<\/h3><\/div><p>Projekte<\/p>\t\t          \t<\/div>\r\n\t\t        <\/div>\r\n\t\t    <\/div>\r\n    \t\t    \t<div class=\"col-lg-3 col-md-4 col-sm-6 col-xs-12\">\r\n\t\t\t\t<div class=\"counting\">\r\n\t\t          \t<div class=\"desc\">\r\n\t\t                <div class=\"icon\"><i class=\"sl-key\"><\/i><h3 class=\"counter\">321<\/h3><\/div><p>Verkaufte Objekte<\/p>\t\t          \t<\/div>\r\n\t\t        <\/div>\r\n\t\t    <\/div>\r\n    \t\t    \t<div class=\"col-lg-3 col-md-4 col-sm-6 col-xs-12\">\r\n\t\t\t\t<div class=\"counting\">\r\n\t\t          \t<div class=\"desc\">\r\n\t\t                <div class=\"icon\"><i class=\"sl-emotsmile\"><\/i><h3 class=\"counter\">450<\/h3><\/div><p>Zufriedene Kunden<\/p>\t\t          \t<\/div>\r\n\t\t        <\/div>\r\n\t\t    <\/div>\r\n    \t\t    \t<div class=\"col-lg-3 col-md-4 col-sm-6 col-xs-12\">\r\n\t\t\t\t<div class=\"counting\">\r\n\t\t          \t<div class=\"desc\">\r\n\t\t                <div class=\"icon\"><i class=\"sl-trophy\"><\/i><h3 class=\"counter\">120<\/h3><\/div><p>Auszeichnungen<\/p>\t\t          \t<\/div>\r\n\t\t        <\/div>\r\n\t\t    <\/div>\r\n    \t              \r\n    <\/div><\/div><\/div><\/div><\/section><section class=\"kc-elm kc-css-712051 kc_row xt_kc_row_has_container xt_kc_row_has_padding\"><div class=\"xt-kc-row-container  container\"><div class=\"kc-wrap-columns clearfix\"><div class=\"kc-elm kc-css-539056 kc_col-sm-12 kc_column kc_col-sm-12\"><div class=\"kc-col-container\">\n<div class=\"kc-elm kc-css-874020 kc-testimo kc-testi-layout-1\">\n\n\t<figure class=\"content-image\"><img src=\"https:\/\/www.grenc-immobilien.de\/wp-content\/uploads\/2018\/02\/gm_white_1024-150x150.jpg\" alt=\"\"><\/figure><div class=\"content-desc\">Schreiben Sie mir eine E-Mail<\/div><div class=\"content-title\">Michael Grenc<\/div><div class=\"content-position\">Info@Grenc-Immobilien.de<\/div>\n<\/div>\n<\/div><\/div><\/div><\/div><\/section><\/p>\n","protected":false},"excerpt":{"rendered":"","protected":false},"author":1,"featured_media":0,"parent":0,"menu_order":0,"comment_status":"closed","ping_status":"closed","template":"","meta":[],"_links":{"self":[{"href":"https:\/\/www.grenc-immobilien.de\/index.php?rest_route=\/wp\/v2\/pages\/464"}],"collection":[{"href":"https:\/\/www.grenc-immobilien.de\/index.php?rest_route=\/wp\/v2\/pages"}],"about":[{"href":"https:\/\/www.grenc-immobilien.de\/index.php?rest_route=\/wp\/v2\/types\/page"}],"author":[{"embeddable":true,"href":"https:\/\/www.grenc-immobilien.de\/index.php?rest_route=\/wp\/v2\/users\/1"}],"replies":[{"embeddable":true,"href":"https:\/\/www.grenc-immobilien.de\/index.php?rest_route=%2Fwp%2Fv2%2Fcomments&post=464"}],"version-history":[{"count":8,"href":"https:\/\/www.grenc-immobilien.de\/index.php?rest_route=\/wp\/v2\/pages\/464\/revisions"}],"predecessor-version":[{"id":790,"href":"https:\/\/www.grenc-immobilien.de\/index.php?rest_route=\/wp\/v2\/pages\/464\/revisions\/790"}],"wp:attachment":[{"href":"https:\/\/www.grenc-immobilien.de\/index.php?rest_route=%2Fwp%2Fv2%2Fmedia&parent=464"}],"curies":[{"name":"wp","href":"https:\/\/api.w.org\/{rel}","templated":true}]}}