{"id":565,"date":"2018-01-15T16:03:14","date_gmt":"2018-01-15T16:03:14","guid":{"rendered":"http:\/\/appulse.wpbranch.com\/?page_id=565"},"modified":"2018-02-26T08:53:20","modified_gmt":"2018-02-26T08:53:20","slug":"faq","status":"publish","type":"page","link":"https:\/\/www.grenc-immobilien.de\/?page_id=565","title":{"rendered":"FAQ"},"content":{"rendered":"<p><section class=\"kc-elm kc-css-876037 kc_row xt_kc_row_has_container xt_kc_row_no_padding\"><div class=\"xt-kc-row-container  container\"><div class=\"kc-wrap-columns clearfix\"><div class=\"kc-elm kc-css-260698 kc_col-sm-12 kc_column kc_col-sm-12\"><div class=\"kc-col-container\"><h3 class=\"section-title text-default margin-bottom-medium margin-top-no-margin title-color-dark\">FAQ - H\u00e4ufige Fragen<\/h3><div class=\"kc-elm kc-css-115659 kc_accordion_wrapper xt-theme-primary-accordion\">\n<div class=\"kc-elm kc-css-328505 kc_accordion_section group \"><h3 class=\"kc_accordion_header ui-accordion-header\"><span class=\"ui-accordion-header-icon ui-icon\"><\/span><a href=\"#ich-weiss-dass-eine-wohnung-frei-wird-warum-finde-ich-sie-nicht-bei-den-angeboten-im-internet\" data-prevent=\"scroll\"><i class=\"\"><\/i> Ich weiss, dass eine Wohnung frei wird. Warum finde ich sie nicht bei den Angeboten im Internet?<\/a><\/h3><div class=\"kc_accordion_content ui-accordion-content kc_clearfix\"><div class=\"kc-panel-body\"><div class=\"kc-elm kc-css-147126 kc_text_block\"><\/p>\n<p>Manchmal steht eine Wohnung leer und kann noch nicht angeboten werden, weil zwischen den Vermietungen notwendige Instandsetzungs- oder Modernisierungsarbeiten anfallen. Das ist der h\u00e4ufigste Grund, denn wir m\u00f6chten, dass Sie sich bei uns wohlf\u00fchlen. Es kommt vor, dass Mieter vorzeitig ausziehen, auch wenn der K\u00fcndigungstermin noch nicht erreicht ist. Tats\u00e4chlich zur Vermietung stehende Wohnungen stehen alle auf unserer Angebotsseite. Wird eine Wohnung vermietet, wird sie sofort aus dem Angebot entfernt, so k\u00f6nnen Sie sicher sein, immer alle aktuellen Objekte zu sehen.<\/p>\n<p>\n<\/div><\/div><\/div><\/div><div class=\"kc-elm kc-css-344499 kc_accordion_section group \"><h3 class=\"kc_accordion_header ui-accordion-header\"><span class=\"ui-accordion-header-icon ui-icon\"><\/span><a href=\"#mir-hat-alles-gefallen-aber-ich-habe-noch-fragen-bevor-ich-mich-bewerbe\" data-prevent=\"scroll\"><i class=\"\"><\/i> Mir hat alles gefallen, aber ich habe noch Fragen, bevor ich mich bewerbe:<\/a><\/h3><div class=\"kc_accordion_content ui-accordion-content kc_clearfix\"><div class=\"kc-panel-body\"><div class=\"kc-elm kc-css-121182 kc_text_block\"><\/p>\n<p>Was Ihnen der Mitarbeiter vor Ort eventuell nicht beantworten konnte, k\u00f6nnen unsere Mitarbeiter in der Vermietungsabteilung \/ Verkaufsabteilung der Hausverwaltung mit Ihnen kl\u00e4ren.<\/p>\n<p>Nutzen Sie hierzu unsere<\/p>\n<p><strong>Hotline<\/strong>:\u00a0\u00a0\u00a0\u00a0 <strong>0176 24379727<br \/>\n<\/strong><\/p>\n<p>oder schreiben Sie eine Email an:<\/p>\n<p><strong>info@Grenc-Immobilien.de<\/strong><\/p>\n<p>\n<\/div><\/div><\/div><\/div><div class=\"kc-elm kc-css-426424 kc_accordion_section group \"><h3 class=\"kc_accordion_header ui-accordion-header\"><span class=\"ui-accordion-header-icon ui-icon\"><\/span><a href=\"#kommen-beim-verkauf-auch-kosten-auf-den-verkaeufer-zu\" data-prevent=\"scroll\"><i class=\"\"><\/i> Kommen beim Verkauf auch Kosten auf den Verk\u00e4ufer zu?<\/a><\/h3><div class=\"kc_accordion_content ui-accordion-content kc_clearfix\"><div class=\"kc-panel-body\"><div class=\"kc-elm kc-css-970562 kc_text_block\"><\/p>\n<p>Den Notar wie auch die Grundbuchgeb\u00fchren und \u00e4hnliches bezahlt stets der K\u00e4ufer, hier kommen keine Kosten auf den Verk\u00e4ufer zu.<\/p>\n<p>Muss der Verk\u00e4ufer allerdings noch eine alte, auf ihn eingetragene Grundschuld im Grundbuch l\u00f6schen lassen, so muss er daf\u00fcr auch die Geb\u00fchren tragen.<\/p>\n<p>Ansonsten: Nat\u00fcrlich kostet jedes Gutachten Geld. Die Neubeschaffung von Unterlagen kostet unter Umst\u00e4nden Geld, die Erstellung eines Energieausweises gibt es auch nicht umsonst.<\/p>\n<p>Das aber alles gibt es f\u00fcr Sie bei Grenc-Immobilien kostenlos.<\/p>\n<p>\n<\/div><\/div><\/div><\/div><div class=\"kc-elm kc-css-765280 kc_accordion_section group \"><h3 class=\"kc_accordion_header ui-accordion-header\"><span class=\"ui-accordion-header-icon ui-icon\"><\/span><a href=\"#ich-kenne-freunde-bekannte-nachbarn-oder-arbeitskollegen-die-ihre-immobilie-verkaufen-moechten\" data-prevent=\"scroll\"><i class=\"\"><\/i> Ich kenne Freunde, Bekannte, Nachbarn oder Arbeitskollegen, die ihre Immobilie verkaufen m\u00f6chten.<\/a><\/h3><div class=\"kc_accordion_content ui-accordion-content kc_clearfix\"><div class=\"kc-panel-body\"><div class=\"kc-elm kc-css-985597 kc_text_block\"><\/p>\n<p><strong>Aufgrund der gro\u00dfen Nachfrage suchen wir st\u00e4ndig:<\/strong><\/p>\n<p>Einfamilienh\u00e4user, Doppelhaush\u00e4lften, Reihenh\u00e4user, Eigentumswohnungen und Grundst\u00fccke<\/p>\n<p>F\u00fcr jede Immobilie, die Sie uns nennen und die \u00fcber Grenc-Immobilien erfolgreich verkauft wird, erhalten Sie als Tippgeber eine verlockende Provision.<\/p>\n<p>Rufen SIe mich an oder schreiben Sie mir eine Email:<\/p>\n<p>Info@Grenc-Immobilien.de<\/p>\n<p>\n<\/div><\/div><\/div><\/div><div class=\"kc-elm kc-css-707154 kc_accordion_section group \"><h3 class=\"kc_accordion_header ui-accordion-header\"><span class=\"ui-accordion-header-icon ui-icon\"><\/span><a href=\"#wohin-schicke-ich-die-unterlagen\" data-prevent=\"scroll\"><i class=\"\"><\/i> Wohin schicke ich die Unterlagen?<\/a><\/h3><div class=\"kc_accordion_content ui-accordion-content kc_clearfix\"><div class=\"kc-panel-body\"><div class=\"kc-elm kc-css-118362 kc_text_block\"><\/p>\n<p>Entweder per Email an:<\/p>\n<p><strong>info@Grenc-Immobilien.de<\/strong><\/p>\n<p>per Post an:<\/p>\n<p>Grenc-Immobilien<\/p>\n<p>M\u00fchlendamm 29<\/p>\n<p>22087 Hamburg<\/p>\n<p>oder einfach zwischen\u00a0 9 Uhr und 18:00 Uhr pers\u00f6nlich bei uns abgeben.<\/p>\n<p>\n<\/div><\/div><\/div><\/div><\/div>\n<\/div><\/div><\/div><\/div><\/section><section class=\"kc-elm kc-css-806227 kc_row xt_kc_row_has_container xt_kc_row_has_padding\"><div class=\"xt-kc-row-container  container\"><div class=\"kc-wrap-columns clearfix\"><div class=\"kc-elm kc-css-168697 kc_col-sm-6 kc_column kc_col-sm-6\"><div class=\"kc-col-container\"><div class=\"kc-elm kc-css-7594 kc_shortcode kc_single_image xt-theme-primary-image\">\n\n        <img src=\"https:\/\/www.grenc-immobilien.de\/wp-content\/uploads\/2017\/09\/cropped-smart-home-1-150x150.png\" class=\"\" alt=\"\" \/>    <\/div>\n<\/div><\/div><div class=\"kc-elm kc-css-335422 kc_col-sm-6 kc_column kc_col-sm-6\"><div class=\"kc-col-container\"><\/div><\/div><\/div><\/div><\/section><\/p>\n","protected":false},"excerpt":{"rendered":"","protected":false},"author":1,"featured_media":0,"parent":0,"menu_order":0,"comment_status":"closed","ping_status":"closed","template":"","meta":[],"_links":{"self":[{"href":"https:\/\/www.grenc-immobilien.de\/index.php?rest_route=\/wp\/v2\/pages\/565"}],"collection":[{"href":"https:\/\/www.grenc-immobilien.de\/index.php?rest_route=\/wp\/v2\/pages"}],"about":[{"href":"https:\/\/www.grenc-immobilien.de\/index.php?rest_route=\/wp\/v2\/types\/page"}],"author":[{"embeddable":true,"href":"https:\/\/www.grenc-immobilien.de\/index.php?rest_route=\/wp\/v2\/users\/1"}],"replies":[{"embeddable":true,"href":"https:\/\/www.grenc-immobilien.de\/index.php?rest_route=%2Fwp%2Fv2%2Fcomments&post=565"}],"version-history":[{"count":9,"href":"https:\/\/www.grenc-immobilien.de\/index.php?rest_route=\/wp\/v2\/pages\/565\/revisions"}],"predecessor-version":[{"id":934,"href":"https:\/\/www.grenc-immobilien.de\/index.php?rest_route=\/wp\/v2\/pages\/565\/revisions\/934"}],"wp:attachment":[{"href":"https:\/\/www.grenc-immobilien.de\/index.php?rest_route=%2Fwp%2Fv2%2Fmedia&parent=565"}],"curies":[{"name":"wp","href":"https:\/\/api.w.org\/{rel}","templated":true}]}}