{"id":741,"date":"2018-02-23T09:30:34","date_gmt":"2018-02-23T09:30:34","guid":{"rendered":"https:\/\/www.grenc-immobilien.de\/?page_id=741"},"modified":"2018-02-23T09:30:34","modified_gmt":"2018-02-23T09:30:34","slug":"haftung","status":"publish","type":"page","link":"https:\/\/www.grenc-immobilien.de\/?page_id=741","title":{"rendered":"Haftung"},"content":{"rendered":"<p><section class=\"kc-elm kc-css-460204 kc_row xt_kc_row_has_container xt_kc_row_has_padding\"><div class=\"xt-kc-row-container  container\"><div class=\"kc-wrap-columns clearfix\"><div class=\"kc-elm kc-css-180284 kc_col-sm-12 kc_column kc_col-sm-12\"><div class=\"kc-col-container\"><div class=\"kc-elm kc-css-309855 kc_shortcode kc_single_image xt-theme-primary-image\">\n\n        <img src=\"https:\/\/www.grenc-immobilien.de\/wp-content\/uploads\/2018\/02\/Visitekarte-e1519377659682-400x200xc.jpg\" class=\"\" alt=\"\" \/>    <\/div>\n<\/div><\/div><\/div><\/div><\/section><section class=\"kc-elm kc-css-157523 kc_row xt_kc_row_has_container xt_kc_row_has_padding\"><div class=\"xt-kc-row-container  container\"><div class=\"kc-wrap-columns clearfix\"><div class=\"kc-elm kc-css-214341 kc_col-sm-12 kc_column kc_col-sm-12\"><div class=\"kc-col-container\"><div class=\"kc-elm kc-css-455703 kc_text_block\"><\/p>\n<p style=\"font-size: 11px; line-height: 15.399999618530273px; font-family: Arial, Helvetica, sans-serif; color: #000000;\"><strong>Haftung<\/strong><\/p>\n<ul>\n<li style=\"font-size: 11px; line-height: 15.399999618530273px; font-family: Arial, Helvetica, sans-serif; color: #000000;\">Externe Links<\/li>\n<\/ul>\n<p style=\"font-size: 11px; line-height: 15.399999618530273px; font-family: Arial, Helvetica, sans-serif; color: #000000;\">Trotz sorgf\u00e4ltiger inhaltlicher Kontrolle \u00fcbernehmen wir keine Haftung f\u00fcr Inhalte externer Links. F\u00fcr den Inhalt der verlinkten Seiten sind ausschlie\u00dflich deren Betreiber verantwortlich.<\/p>\n<ul>\n<li style=\"font-size: 11px; line-height: 15.399999618530273px; font-family: Arial, Helvetica, sans-serif; color: #000000;\">Urheberrechtshinweise<\/li>\n<\/ul>\n<p style=\"font-size: 11px; line-height: 15.399999618530273px; font-family: Arial, Helvetica, sans-serif; color: #000000;\">Alle auf dieser Website ver\u00f6ffentlichten Beitr\u00e4ge und Abbildungen sind urheberrechtlich gesch\u00fctzt. Jede vom Urheberrechtsgesetz nicht zugelassene Verwertung bedarf vorheriger schriftlicher Zustimmung der Anbieter. Dies gilt insbesondere f\u00fcr Vervielf\u00e4ltigung, Bearbeitung, \u00dcbersetzung, Einspeicherung, Verarbeitung bzw. Wiedergabe von Inhalten in Datenbanken oder anderen elektronischen Medien und Systemen. Fotokopien und Downloads von Web-Seiten d\u00fcrfen nur f\u00fcr den pers\u00f6nlichen, privaten und nicht kommerziellen Gebrauch hergestellt werden.<\/p>\n<ul>\n<li style=\"font-size: 11px; line-height: 15.399999618530273px; font-family: Arial, Helvetica, sans-serif; color: #000000;\">Unverbindlichkeit der Information<\/li>\n<\/ul>\n<p style=\"font-size: 11px; line-height: 15.399999618530273px; font-family: Arial, Helvetica, sans-serif; color: #000000;\">Die inhalte dieser Website werden mit gr\u00f6\u00dftm\u00f6glicher Sorgfalt recherchiert. Gleichwohl \u00fcbernimmt der Anbieter keine Haftung f\u00fcr die Richtigkeit, Vollst\u00e4ndigkeit und Aktualit\u00e4t der bereitgestellten Informationnen. Die Beitr\u00e4ge geben die Meinung des jeweiligen Autors wieder.<\/p>\n<ul>\n<li style=\"font-size: 11px; line-height: 15.399999618530273px; font-family: Arial, Helvetica, sans-serif; color: #000000;\">Unverbindlichkeit von Ausk\u00fcnften<\/li>\n<\/ul>\n<p style=\"font-size: 11px; line-height: 15.399999618530273px; font-family: Arial, Helvetica, sans-serif; color: #000000;\">Die Informationen, die auf dieser Website bereitsgestellt werden, sind allgemeiner Art und sind unverbindlich.<\/p>\n<ul>\n<li style=\"font-size: 11px; line-height: 15.399999618530273px; font-family: Arial, Helvetica, sans-serif; color: #000000;\">Kommunikation \u00fcber Email<\/li>\n<\/ul>\n<p style=\"font-size: 11px; line-height: 15.399999618530273px; font-family: Arial, Helvetica, sans-serif; color: #000000;\">Eine Kommunikation via Email kann Sicherheitsl\u00fccken aufweisen. Beispielsweise k\u00f6nnen Emails auf Ihrem Weg an die Mitarbeiter unseres Unternehmens oder an unsere Netzwerkpartner von versierten Internet-Nutzern aufgehalten und eingesehen werden. Sollten wir eine Email von Ihnen erhalten, so gehen wir davon aus, dass wir zu einer Beantwortung per Email berechtigt sind. Ansonsten m\u00fcssen Sie ausdr\u00fccklich auf eine andere Art der Kommunikation verweisen. Eine Verschl\u00fcsselung der Nachrichten mit g\u00e4ngigen Verschl\u00fcsselungsstandard erfolgt nur auf ausdr\u00fccklichen Wunsch nach Best\u00e4tigung.<\/p>\n<ul>\n<li style=\"font-size: 11px; line-height: 15.399999618530273px; font-family: Arial, Helvetica, sans-serif; color: #000000;\">Datenschutzhinweis<\/li>\n<\/ul>\n<p style=\"font-size: 11px; line-height: 15.399999618530273px; font-family: Arial, Helvetica, sans-serif; color: #000000;\">Alle auf dieser Website genannten Personen widersprechen hiermit jeder kommerziellen Verwendung und Weitergabe ihrer Daten (vgl. \u00a7 28 BDSG),<\/p>\n<p style=\"font-size: 11px; line-height: 15.399999618530273px; font-family: Arial, Helvetica, sans-serif; color: #000000;\">Verbraucherinformation zur Online-Streitbeilegung gem\u00e4\u00df Verordnung (EU) Nr. 524\/2013:<br \/>Im Rahmen der Verordnung \u00fcber Online-Streitbeilegung zu Verbraucherangelegenheiten steht Ihnen unter\u00a0http:\/\/ec.europa.eu\/consumers\/odr\/<br \/>eine Online-Streitbeilegungsplattform der EU-Kommission zur Verf\u00fcgung.<\/p>\n<p style=\"font-size: 11px; line-height: 15.399999618530273px; font-family: Arial, Helvetica, sans-serif; color: #000000;\">Kontakt per Mail: <a href=\"mailto:Info@Grenc-Immobilien.de\" target=\"_self\">Info@Grenc-Immobilien.de<\/a><\/p>\n<p style=\"font-size: 11px; line-height: 15.399999618530273px; font-family: Arial, Helvetica, sans-serif; color: #000000;\">Irrt\u00fcmer vorbehalten<\/p>\n<p>\n<\/div><\/div><\/div><\/div><\/div><\/section><\/p>\n","protected":false},"excerpt":{"rendered":"","protected":false},"author":1,"featured_media":0,"parent":0,"menu_order":0,"comment_status":"closed","ping_status":"closed","template":"","meta":[],"_links":{"self":[{"href":"https:\/\/www.grenc-immobilien.de\/index.php?rest_route=\/wp\/v2\/pages\/741"}],"collection":[{"href":"https:\/\/www.grenc-immobilien.de\/index.php?rest_route=\/wp\/v2\/pages"}],"about":[{"href":"https:\/\/www.grenc-immobilien.de\/index.php?rest_route=\/wp\/v2\/types\/page"}],"author":[{"embeddable":true,"href":"https:\/\/www.grenc-immobilien.de\/index.php?rest_route=\/wp\/v2\/users\/1"}],"replies":[{"embeddable":true,"href":"https:\/\/www.grenc-immobilien.de\/index.php?rest_route=%2Fwp%2Fv2%2Fcomments&post=741"}],"version-history":[{"count":6,"href":"https:\/\/www.grenc-immobilien.de\/index.php?rest_route=\/wp\/v2\/pages\/741\/revisions"}],"predecessor-version":[{"id":747,"href":"https:\/\/www.grenc-immobilien.de\/index.php?rest_route=\/wp\/v2\/pages\/741\/revisions\/747"}],"wp:attachment":[{"href":"https:\/\/www.grenc-immobilien.de\/index.php?rest_route=%2Fwp%2Fv2%2Fmedia&parent=741"}],"curies":[{"name":"wp","href":"https:\/\/api.w.org\/{rel}","templated":true}]}}