{"id":875,"date":"2018-02-24T21:27:24","date_gmt":"2018-02-24T21:27:24","guid":{"rendered":"https:\/\/www.grenc-immobilien.de\/?page_id=875"},"modified":"2018-02-28T08:02:04","modified_gmt":"2018-02-28T08:02:04","slug":"hausmeisterservice","status":"publish","type":"page","link":"https:\/\/www.grenc-immobilien.de\/?page_id=875","title":{"rendered":"Hausmeisterservice"},"content":{"rendered":"<p><section class=\"kc-elm kc-css-235523 kc_row xt_kc_row_has_container xt_kc_row_has_padding\"><div class=\"xt-kc-row-container  container\"><div class=\"kc-wrap-columns clearfix\"><div class=\"kc-elm kc-css-556557 kc_col-sm-4 kc_column kc_col-sm-4\"><div class=\"kc-col-container\"><div class=\"kc-elm kc-css-436255 kc_text_block\"><\/p>\n<h1>Ihr zuverl\u00e4ssiger &#038; kompetenter Hausmeisterservice<\/h1>\n<p><span style=\"font-weight: 400;\">Als Eigent\u00fcmer einer Immobilie m\u00f6chten Sie Ihren Mietern einen zuverl\u00e4ssigen Hausmeisterservice zur Verf\u00fcgung stellen? Bei uns sind Sie genau richtig. Ganz gleich, ob Sie unsere Hilfe f\u00fcr regelm\u00e4\u00dfige Reinigungs-, Garten- oder Wartungsarbeiten in Anspruch nehmen, bei uns profitieren Sie stets von einer <\/span>hohen Fachkompetenz<span style=\"font-weight: 400;\">, <\/span>Zuverl\u00e4ssigkeit<span style=\"font-weight: 400;\"> und <\/span>Termintreue<span style=\"font-weight: 400;\">. Setzen Sie sich am besten mit uns im Rahmen eines pers\u00f6nlichen Beratungsgespr\u00e4ches zusammen, um Ihre individuell gew\u00fcnschten Leistungen zu besprechen<\/span><\/p>\n<p>\n<\/div><\/div><\/div><div class=\"kc-elm kc-css-774272 kc_col-sm-2 kc_column kc_col-sm-2\"><div class=\"kc-col-container\"><\/div><\/div><div class=\"kc-elm kc-css-560661 kc_col-sm-3 kc_column kc_col-sm-3\"><div class=\"kc-col-container\"><div class=\"kc-elm kc-css-875774\" style=\"height: 105px; clear: both; width:100%;\"><\/div>\t \r\n    \t<div class=\"features-box\">\r\n    \t\t<div class=\"features-icon\"><i class=\"fa-user\"><\/i><\/div>    \t\t<div class=\"features-content\"><h4>Reinigungsarbeiten<\/h4><p><\/p><\/div>        <\/div>\r\n          \r\n    <div class=\"kc-elm kc-css-929153\" style=\"height: 51px; clear: both; width:100%;\"><\/div>\t \r\n    \t<div class=\"features-box\">\r\n    \t\t<div class=\"features-icon\"><i class=\"fa-scissors\"><\/i><\/div>    \t\t<div class=\"features-content\"><h4>Gartenarbeit<\/h4><p><\/p><\/div>        <\/div>\r\n          \r\n    <div class=\"kc-elm kc-css-662737\" style=\"height: 51px; clear: both; width:100%;\"><\/div>\t \r\n    \t<div class=\"features-box\">\r\n    \t\t<div class=\"features-icon\"><i class=\"fa-wikipedia-w\"><\/i><\/div>    \t\t<div class=\"features-content\"><h4>Winterdienst<\/h4><p><\/p><\/div>        <\/div>\r\n          \r\n    <\/div><\/div><div class=\"kc-elm kc-css-92135 kc_col-sm-3 kc_column kc_col-sm-3\"><div class=\"kc-col-container\"><div class=\"kc-elm kc-css-874072\" style=\"height: 105px; clear: both; width:100%;\"><\/div>\t \r\n    \t<div class=\"features-box\">\r\n    \t\t<div class=\"features-icon\"><i class=\"fa-wrench\"><\/i><\/div>    \t\t<div class=\"features-content\"><h4>Wartungsarbeiten<\/h4><p><\/p><\/div>        <\/div>\r\n          \r\n    <div class=\"kc-elm kc-css-614948\" style=\"height: 51px; clear: both; width:100%;\"><\/div>\t \r\n    \t<div class=\"features-box\">\r\n    \t\t<div class=\"features-icon\"><i class=\"fa-key\"><\/i><\/div>    \t\t<div class=\"features-content\"><h4>Schl\u00fcsselverwaltung<\/h4><p><\/p><\/div>        <\/div>\r\n          \r\n    <div class=\"kc-elm kc-css-625744\" style=\"height: 51px; clear: both; width:100%;\"><\/div>\t \r\n    \t<div class=\"features-box\">\r\n    \t\t<div class=\"features-icon\"><i class=\"fa-ambulance\"><\/i><\/div>    \t\t<div class=\"features-content\"><h4>Rauchmelderservice<\/h4><p><\/p><\/div>        <\/div>\r\n          \r\n    <\/div><\/div><\/div><\/div><\/section><section class=\"kc-elm kc-css-202002 kc_row xt_kc_row_has_container xt_kc_row_has_padding\"><div class=\"xt-kc-row-container  container\"><div class=\"kc-wrap-columns clearfix\"><div class=\"kc-elm kc-css-808138 kc_col-sm-6 kc_column kc_col-sm-6\"><div class=\"kc-col-container\">\t \r\n\r\n    <div class=\"support-inner\">\r\n                <div class=\"support-info\">\r\n\t\t    <div class=\"info-title\">\r\n\t\t        <i class=\"et-envelope\"><\/i>Hausmeisterservice<span>Info@Grenc-Immobilien.de<\/span>\t\t    <\/div>\r\n        <\/div>\r\n    <\/div>\r\n          \r\n    \t \r\n\r\n    <div class=\"support-inner\">\r\n                <div class=\"support-info\">\r\n\t\t    <div class=\"info-title\">\r\n\t\t        <i class=\"et-speedometer\"><\/i>Unser Versprechen<span>24 STD Service<\/span>\t\t    <\/div>\r\n        <\/div>\r\n    <\/div>\r\n          \r\n    \t \r\n\r\n    <div class=\"support-inner\">\r\n                <div class=\"support-info\">\r\n\t\t    <div class=\"info-title\">\r\n\t\t        <i class=\"et-tools-2\"><\/i>Leistung<span>365 Tage im Jahr<\/span>\t\t    <\/div>\r\n        <\/div>\r\n    <\/div>\r\n          \r\n    <\/div><\/div><div class=\"kc-elm kc-css-768709 kc_col-sm-6 kc_column kc_col-sm-6\"><div class=\"kc-col-container\"><div class=\"kc-elm kc-css-279471 kc_shortcode kc_single_image xt-theme-primary-image\">\n\n        <img src=\"https:\/\/www.grenc-immobilien.de\/wp-content\/uploads\/2017\/11\/key-2323278_1920.jpg\" class=\"\" alt=\"\" \/>    <\/div>\n<\/div><\/div><\/div><\/div><\/section><\/p>\n","protected":false},"excerpt":{"rendered":"","protected":false},"author":1,"featured_media":0,"parent":0,"menu_order":0,"comment_status":"closed","ping_status":"closed","template":"","meta":[],"_links":{"self":[{"href":"https:\/\/www.grenc-immobilien.de\/index.php?rest_route=\/wp\/v2\/pages\/875"}],"collection":[{"href":"https:\/\/www.grenc-immobilien.de\/index.php?rest_route=\/wp\/v2\/pages"}],"about":[{"href":"https:\/\/www.grenc-immobilien.de\/index.php?rest_route=\/wp\/v2\/types\/page"}],"author":[{"embeddable":true,"href":"https:\/\/www.grenc-immobilien.de\/index.php?rest_route=\/wp\/v2\/users\/1"}],"replies":[{"embeddable":true,"href":"https:\/\/www.grenc-immobilien.de\/index.php?rest_route=%2Fwp%2Fv2%2Fcomments&post=875"}],"version-history":[{"count":21,"href":"https:\/\/www.grenc-immobilien.de\/index.php?rest_route=\/wp\/v2\/pages\/875\/revisions"}],"predecessor-version":[{"id":984,"href":"https:\/\/www.grenc-immobilien.de\/index.php?rest_route=\/wp\/v2\/pages\/875\/revisions\/984"}],"wp:attachment":[{"href":"https:\/\/www.grenc-immobilien.de\/index.php?rest_route=%2Fwp%2Fv2%2Fmedia&parent=875"}],"curies":[{"name":"wp","href":"https:\/\/api.w.org\/{rel}","templated":true}]}}